{"id":223,"date":"2026-03-08T14:55:05","date_gmt":"2026-03-08T17:55:05","guid":{"rendered":"https:\/\/granadeiro.adv.br\/?page_id=223"},"modified":"2026-03-10T11:43:25","modified_gmt":"2026-03-10T14:43:25","slug":"atuacao","status":"publish","type":"page","link":"https:\/\/granadeiro.adv.br\/en\/atuacao\/","title":{"rendered":"(PT) Atua\u00e7\u00e3o"},"content":{"rendered":"<p class=\"qtranxs-available-languages-message qtranxs-available-languages-message-en\">Sorry, this entry is only available in <a href=\"https:\/\/granadeiro.adv.br\/pb\/wp-json\/wp\/v2\/pages\/223\" class=\"qtranxs-available-language-link qtranxs-available-language-link-pb\" title=\"PT\">PT<\/a>.<\/p>","protected":false},"excerpt":{"rendered":"<p class=\"qtranxs-available-languages-message qtranxs-available-languages-message-en\">Sorry, this entry is only available in <a href=\"https:\/\/granadeiro.adv.br\/pb\/wp-json\/wp\/v2\/pages\/223\" class=\"qtranxs-available-language-link qtranxs-available-language-link-pb\" title=\"PT\">PT<\/a>.<\/p>\n","protected":false},"author":1,"featured_media":225,"parent":0,"menu_order":0,"comment_status":"closed","ping_status":"closed","template":"page-areas.php","meta":{"_acf_changed":false,"footnotes":""},"class_list":["post-223","page","type-page","status-publish","has-post-thumbnail","hentry"],"acf":[],"yoast_head":"<!-- This site is optimized with the Yoast SEO plugin v27.1.1 - https:\/\/yoast.com\/product\/yoast-seo-wordpress\/ -->\n<title><\/title>\n<meta name=\"robots\" content=\"index, follow, max-snippet:-1, max-image-preview:large, max-video-preview:-1\" \/>\n<link rel=\"canonical\" href=\"https:\/\/granadeiro.adv.br\/atuacao\/\" \/>\n<meta property=\"og:locale\" content=\"en_US\" \/>\n<meta property=\"og:type\" content=\"article\" \/>\n<meta property=\"og:title\" content=\"[:pb]Atua\u00e7\u00e3o[:] - Granadeiro\" \/>\n<meta property=\"og:description\" content=\"[:pb]Granadeiro \u00e9 refer\u00eancia nacional de Direito do Trabalho, assessorando clientes em diferentes desafios.[:]\" \/>\n<meta property=\"og:url\" content=\"https:\/\/granadeiro.adv.br\/atuacao\/\" \/>\n<meta property=\"og:site_name\" content=\"Granadeiro\" \/>\n<meta property=\"article:modified_time\" content=\"2026-03-10T14:43:25+00:00\" \/>\n<meta property=\"og:image\" content=\"https:\/\/granadeiro.adv.br\/wp-content\/uploads\/2026\/03\/18445813643_28f8b5dabc_k-1.png\" \/>\n\t<meta property=\"og:image:width\" content=\"1920\" \/>\n\t<meta property=\"og:image:height\" content=\"468\" \/>\n\t<meta property=\"og:image:type\" content=\"image\/png\" \/>\n<meta name=\"twitter:card\" content=\"summary_large_image\" \/>\n<script type=\"application\/ld+json\" class=\"yoast-schema-graph\">{\"@context\":\"https:\/\/schema.org\",\"@graph\":[{\"@type\":\"WebPage\",\"@id\":\"https:\/\/granadeiro.adv.br\/atuacao\/\",\"url\":\"https:\/\/granadeiro.adv.br\/atuacao\/\",\"name\":\"[:pb]Atua\u00e7\u00e3o[:] - Granadeiro\",\"isPartOf\":{\"@id\":\"https:\/\/granadeiro.adv.br\/#website\"},\"primaryImageOfPage\":{\"@id\":\"https:\/\/granadeiro.adv.br\/atuacao\/#primaryimage\"},\"image\":{\"@id\":\"https:\/\/granadeiro.adv.br\/atuacao\/#primaryimage\"},\"thumbnailUrl\":\"https:\/\/granadeiro.adv.br\/wp-content\/uploads\/2026\/03\/18445813643_28f8b5dabc_k-1.png\",\"datePublished\":\"2026-03-08T17:55:05+00:00\",\"dateModified\":\"2026-03-10T14:43:25+00:00\",\"breadcrumb\":{\"@id\":\"https:\/\/granadeiro.adv.br\/atuacao\/#breadcrumb\"},\"inLanguage\":\"en-US\",\"potentialAction\":[{\"@type\":\"ReadAction\",\"target\":[\"https:\/\/granadeiro.adv.br\/atuacao\/\"]}]},{\"@type\":\"ImageObject\",\"inLanguage\":\"en-US\",\"@id\":\"https:\/\/granadeiro.adv.br\/atuacao\/#primaryimage\",\"url\":\"https:\/\/granadeiro.adv.br\/wp-content\/uploads\/2026\/03\/18445813643_28f8b5dabc_k-1.png\",\"contentUrl\":\"https:\/\/granadeiro.adv.br\/wp-content\/uploads\/2026\/03\/18445813643_28f8b5dabc_k-1.png\",\"width\":1920,\"height\":468},{\"@type\":\"BreadcrumbList\",\"@id\":\"https:\/\/granadeiro.adv.br\/atuacao\/#breadcrumb\",\"itemListElement\":[{\"@type\":\"ListItem\",\"position\":1,\"name\":\"In\u00edcio\",\"item\":\"https:\/\/granadeiro.adv.br\/\"},{\"@type\":\"ListItem\",\"position\":2,\"name\":\"Atua\u00e7\u00e3o\"}]},{\"@type\":\"WebSite\",\"@id\":\"https:\/\/granadeiro.adv.br\/#website\",\"url\":\"https:\/\/granadeiro.adv.br\/\",\"name\":\"Granadeiro\",\"description\":\"\",\"publisher\":{\"@id\":\"https:\/\/granadeiro.adv.br\/#organization\"},\"potentialAction\":[{\"@type\":\"SearchAction\",\"target\":{\"@type\":\"EntryPoint\",\"urlTemplate\":\"https:\/\/granadeiro.adv.br\/?s={search_term_string}\"},\"query-input\":{\"@type\":\"PropertyValueSpecification\",\"valueRequired\":true,\"valueName\":\"search_term_string\"}}],\"inLanguage\":\"en-US\"},{\"@type\":\"Organization\",\"@id\":\"https:\/\/granadeiro.adv.br\/#organization\",\"name\":\"Granadeiro\",\"url\":\"https:\/\/granadeiro.adv.br\/\",\"logo\":{\"@type\":\"ImageObject\",\"inLanguage\":\"en-US\",\"@id\":\"https:\/\/granadeiro.adv.br\/#\/schema\/logo\/image\/\",\"url\":\"https:\/\/granadeiro.adv.br\/wp-content\/uploads\/2026\/03\/fav.png\",\"contentUrl\":\"https:\/\/granadeiro.adv.br\/wp-content\/uploads\/2026\/03\/fav.png\",\"width\":512,\"height\":512,\"caption\":\"Granadeiro\"},\"image\":{\"@id\":\"https:\/\/granadeiro.adv.br\/#\/schema\/logo\/image\/\"}}]}<\/script>\n<!-- \/ Yoast SEO plugin. -->","yoast_head_json":{"title":"[:pb]Atua\u00e7\u00e3o[:] - Granadeiro","robots":{"index":"index","follow":"follow","max-snippet":"max-snippet:-1","max-image-preview":"max-image-preview:large","max-video-preview":"max-video-preview:-1"},"canonical":"https:\/\/granadeiro.adv.br\/atuacao\/","og_locale":"en_US","og_type":"article","og_title":"[:pb]Atua\u00e7\u00e3o[:] - Granadeiro","og_description":"[:pb]Granadeiro \u00e9 refer\u00eancia nacional de Direito do Trabalho, assessorando clientes em diferentes desafios.[:]","og_url":"https:\/\/granadeiro.adv.br\/atuacao\/","og_site_name":"Granadeiro","article_modified_time":"2026-03-10T14:43:25+00:00","og_image":[{"width":1920,"height":468,"url":"https:\/\/granadeiro.adv.br\/wp-content\/uploads\/2026\/03\/18445813643_28f8b5dabc_k-1.png","type":"image\/png"}],"twitter_card":"summary_large_image","schema":{"@context":"https:\/\/schema.org","@graph":[{"@type":"WebPage","@id":"https:\/\/granadeiro.adv.br\/atuacao\/","url":"https:\/\/granadeiro.adv.br\/atuacao\/","name":"[:pb]Atua\u00e7\u00e3o[:] - Granadeiro","isPartOf":{"@id":"https:\/\/granadeiro.adv.br\/#website"},"primaryImageOfPage":{"@id":"https:\/\/granadeiro.adv.br\/atuacao\/#primaryimage"},"image":{"@id":"https:\/\/granadeiro.adv.br\/atuacao\/#primaryimage"},"thumbnailUrl":"https:\/\/granadeiro.adv.br\/wp-content\/uploads\/2026\/03\/18445813643_28f8b5dabc_k-1.png","datePublished":"2026-03-08T17:55:05+00:00","dateModified":"2026-03-10T14:43:25+00:00","breadcrumb":{"@id":"https:\/\/granadeiro.adv.br\/atuacao\/#breadcrumb"},"inLanguage":"en-US","potentialAction":[{"@type":"ReadAction","target":["https:\/\/granadeiro.adv.br\/atuacao\/"]}]},{"@type":"ImageObject","inLanguage":"en-US","@id":"https:\/\/granadeiro.adv.br\/atuacao\/#primaryimage","url":"https:\/\/granadeiro.adv.br\/wp-content\/uploads\/2026\/03\/18445813643_28f8b5dabc_k-1.png","contentUrl":"https:\/\/granadeiro.adv.br\/wp-content\/uploads\/2026\/03\/18445813643_28f8b5dabc_k-1.png","width":1920,"height":468},{"@type":"BreadcrumbList","@id":"https:\/\/granadeiro.adv.br\/atuacao\/#breadcrumb","itemListElement":[{"@type":"ListItem","position":1,"name":"In\u00edcio","item":"https:\/\/granadeiro.adv.br\/"},{"@type":"ListItem","position":2,"name":"Atua\u00e7\u00e3o"}]},{"@type":"WebSite","@id":"https:\/\/granadeiro.adv.br\/#website","url":"https:\/\/granadeiro.adv.br\/","name":"Granadeiro","description":"","publisher":{"@id":"https:\/\/granadeiro.adv.br\/#organization"},"potentialAction":[{"@type":"SearchAction","target":{"@type":"EntryPoint","urlTemplate":"https:\/\/granadeiro.adv.br\/?s={search_term_string}"},"query-input":{"@type":"PropertyValueSpecification","valueRequired":true,"valueName":"search_term_string"}}],"inLanguage":"en-US"},{"@type":"Organization","@id":"https:\/\/granadeiro.adv.br\/#organization","name":"Granadeiro","url":"https:\/\/granadeiro.adv.br\/","logo":{"@type":"ImageObject","inLanguage":"en-US","@id":"https:\/\/granadeiro.adv.br\/#\/schema\/logo\/image\/","url":"https:\/\/granadeiro.adv.br\/wp-content\/uploads\/2026\/03\/fav.png","contentUrl":"https:\/\/granadeiro.adv.br\/wp-content\/uploads\/2026\/03\/fav.png","width":512,"height":512,"caption":"Granadeiro"},"image":{"@id":"https:\/\/granadeiro.adv.br\/#\/schema\/logo\/image\/"}}]}},"_links":{"self":[{"href":"https:\/\/granadeiro.adv.br\/en\/wp-json\/wp\/v2\/pages\/223","targetHints":{"allow":["GET"]}}],"collection":[{"href":"https:\/\/granadeiro.adv.br\/en\/wp-json\/wp\/v2\/pages"}],"about":[{"href":"https:\/\/granadeiro.adv.br\/en\/wp-json\/wp\/v2\/types\/page"}],"author":[{"embeddable":true,"href":"https:\/\/granadeiro.adv.br\/en\/wp-json\/wp\/v2\/users\/1"}],"replies":[{"embeddable":true,"href":"https:\/\/granadeiro.adv.br\/en\/wp-json\/wp\/v2\/comments?post=223"}],"version-history":[{"count":0,"href":"https:\/\/granadeiro.adv.br\/en\/wp-json\/wp\/v2\/pages\/223\/revisions"}],"wp:featuredmedia":[{"embeddable":true,"href":"https:\/\/granadeiro.adv.br\/en\/wp-json\/wp\/v2\/media\/225"}],"wp:attachment":[{"href":"https:\/\/granadeiro.adv.br\/en\/wp-json\/wp\/v2\/media?parent=223"}],"curies":[{"name":"wp","href":"https:\/\/api.w.org\/{rel}","templated":true}]}}